{"id":131,"date":"2022-02-24T08:09:05","date_gmt":"2022-02-24T08:09:05","guid":{"rendered":"http:\/\/obeduka.com\/wordpress-5.7-es_ES\/wordpress\/?page_id=131"},"modified":"2025-02-18T21:26:57","modified_gmt":"2025-02-18T21:26:57","slug":"sobre-nosotros","status":"publish","type":"page","link":"https:\/\/obeduka.com\/wordpress-5.7-es_ES\/wordpress\/index.php\/sobre-nosotros\/","title":{"rendered":"SOBRE NOSOTROS"},"content":{"rendered":"<p>[et_pb_section bb_built=\u00bb1&#8243; admin_label=\u00bbHeader\u00bb custom_padding_last_edited=\u00bbon|phone\u00bb _builder_version=\u00bb3.26.1&#8243; background_color=\u00bb#efebdc\u00bb background_image=\u00bbhttp:\/\/sayeed.sandbox.etdevs.com\/divi\/wp-content\/uploads\/sites\/2\/2019\/07\/dog-walker-39.png\u00bb background_size=\u00bbcontain\u00bb background_position=\u00bbbottom_center\u00bb custom_padding=\u00bb||5vw||false|false\u00bb custom_padding_phone=\u00bb||80px||false|false\u00bb next_background_color=\u00bb#efebdc\u00bb][et_pb_row _builder_version=\u00bb3.26.1&#8243;][et_pb_column type=\u00bb1_2&#8243;][et_pb_text _builder_version=\u00bb3.26&#8243; text_font=\u00bb||||||||\u00bb text_font_size=\u00bb24px\u00bb text_font_size_phone=\u00bb22px\u00bb text_font_size_last_edited=\u00bbon|desktop\u00bb text_line_height=\u00bb1.8em\u00bb header_font=\u00bbAmatic SC|700|||||||\u00bb header_font_size=\u00bb130px\u00bb header_font_size_tablet=\u00bb80px\u00bb header_font_size_phone=\u00bb60px\u00bb header_font_size_last_edited=\u00bbon|phone\u00bb header_line_height=\u00bb1.2em\u00bb inline_fonts=\u00bbBebas\u00bb]<\/p>\n<h1><span style=\"font-family: Bebas; font-weight: normal;\">sobre nosotros<\/span><\/h1>\n<p>Con\u00f3cenos mejor, conoce nuestra historia.<\/p>\n<p>[\/et_pb_text][et_pb_social_media_follow _builder_version=\u00bb3.21&#8243; border_radii=\u00bbon|50px|50px|50px|50px\u00bb border_width_all=\u00bb10px\u00bb border_color_all=\u00bbrgba(0,0,0,0)\u00bb custom_margin=\u00bb5vw||||false|false\u00bb][et_pb_social_media_follow_network social_network=\u00bbfacebook\u00bb url=\u00bbhttps:\/\/www.facebook.com\/Obeduka-103708818525847\/\u00bb _builder_version=\u00bb3.21&#8243; background_color=\u00bb#000000&#8243; follow_button=\u00bboff\u00bb url_new_window=\u00bbon\u00bb]facebook[\/et_pb_social_media_follow_network][et_pb_social_media_follow_network social_network=\u00bbinstagram\u00bb url=\u00bbhttps:\/\/www.instagram.com\/obeduka\/\u00bb _builder_version=\u00bb3.21&#8243; background_color=\u00bb#000000&#8243; follow_button=\u00bboff\u00bb url_new_window=\u00bbon\u00bb]instagram[\/et_pb_social_media_follow_network][et_pb_social_media_follow_network social_network=\u00bbyoutube\u00bb _builder_version=\u00bb3.21&#8243; background_color=\u00bb#000000&#8243; follow_button=\u00bboff\u00bb url_new_window=\u00bbon\u00bb]youtube[\/et_pb_social_media_follow_network][\/et_pb_social_media_follow][\/et_pb_column][et_pb_column type=\u00bb1_2&#8243;][et_pb_image src=\u00bbhttp:\/\/obeduka.com\/wordpress-5.7-es_ES\/wordpress\/wp-content\/uploads\/2022\/05\/image_6483441-2.jpg\u00bb align=\u00bbright\u00bb _builder_version=\u00bb3.21&#8243; border_radii=\u00bbon|12vw|12vw|12vw|12vw\u00bb border_width_all=\u00bb6vw\u00bb border_color_all=\u00bb#e0dbc9&#8243; box_shadow_style=\u00bbpreset3&#8243; box_shadow_blur=\u00bb10vw\u00bb transform_scale_phone=\u00bb100%|100%\u00bb transform_scale_last_edited=\u00bbon|phone\u00bb transform_translate=\u00bb0px|53px\u00bb transform_translate_last_edited=\u00bbon|desktop\u00bb transform_rotate=\u00bb0deg|0deg|-15deg\u00bb transform_rotate_phone=\u00bb0deg|0deg|0deg\u00bb transform_rotate_last_edited=\u00bbon|desktop\u00bb transform_skew_last_edited=\u00bbon|desktop\u00bb transform_origin=\u00bb-30%|35%\u00bb transform_origin_last_edited=\u00bbon|desktop\u00bb transform_styles_last_edited=\u00bbon|phone\u00bb max_width_tablet=\u00bb70%\u00bb max_width_phone=\u00bb100%\u00bb max_width_last_edited=\u00bbon|phone\u00bb custom_margin=\u00bb-6vw|-10vw|||false|false\u00bb custom_margin_tablet=\u00bb||||false|false\u00bb custom_margin_last_edited=\u00bbon|desktop\u00bb animation_direction=\u00bbright\u00bb]<\/p>\n<p><\/p>\n<p>[\/et_pb_image][\/et_pb_column][\/et_pb_row][\/et_pb_section][et_pb_section bb_built=\u00bb1&#8243; admin_label=\u00bbAbout\u00bb _builder_version=\u00bb3.26.1&#8243; background_color=\u00bb#efebdc\u00bb custom_padding=\u00bb||||false|false\u00bb bottom_divider_style=\u00bbwaves\u00bb bottom_divider_color=\u00bb#faf9f4&#8243; bottom_divider_height=\u00bb7vw\u00bb prev_background_color=\u00bb#000000&#8243; next_background_color=\u00bb#ffffff\u00bb][et_pb_row make_equal=\u00bbon\u00bb _builder_version=\u00bb3.26.1&#8243;][et_pb_column type=\u00bb1_2&#8243;][et_pb_text _builder_version=\u00bb3.26.1&#8243; header_2_font=\u00bbAmatic SC|700|||||||\u00bb header_2_font_size=\u00bb80px\u00bb header_2_font_size_tablet=\u00bb60px\u00bb header_2_font_size_phone=\u00bb32px\u00bb header_2_font_size_last_edited=\u00bbon|phone\u00bb header_2_line_height=\u00bb1.2em\u00bb]<\/p>\n<h2>Ellos quieren entendernos tanto como nosotros a ellos; felicit\u00e9mosles esa comunicaci\u00f3n.<\/h2>\n<p>[\/et_pb_text][\/et_pb_column][et_pb_column type=\u00bb1_2&#8243;][et_pb_text _builder_version=\u00bb3.26&#8243; text_font=\u00bb||||||||\u00bb text_font_size=\u00bb16px\u00bb text_line_height=\u00bb1.8em\u00bb]<\/p>\n<p>Las relaciones entre el ser humano y el perro vienen desde mucho tiempo atr\u00e1s, desde la misma prehistoria. <br \/>Este mam\u00edfero descendiente del lobo entr\u00f3 en nuestras vidas como compa\u00f1ero de caza y a d\u00eda de hoy esa relaci\u00f3n ha evolucionado hasta quererlo como compa\u00f1ero de vida; como miembro de nuestra misma familia.<\/p>\n<p>Por ello, siempre vamos a procurar que nuestro peludo est\u00e9 lo mejor posible, y, eso implica que est\u00e9 sano tanto f\u00edsica como emocionalmente. Para ello, tenemos que aprender a entenderlos. Ya que sin esa comprensi\u00f3n la convivencia entre ambos se puede volver algo complicada.<\/p>\n<p>Desde Obeduka lo que te ofrecemos es justamente eso, formaci\u00f3n para que esa comprensi\u00f3n sea posible y para que esa convivencia de la que venimos hablando sea agradable y sana.<\/p>\n<p>Sabemos que no es f\u00e1cil, son animales y al igual que nosotros cada uno tiene su car\u00e1cter y \u00abperronalidad\u00bb, pero no lo demos por perdido, todo tiene soluci\u00f3n.<\/p>\n<p>Ellos quieren entendernos tanto como nosotros a ellos; facilitemosles esa comunicaci\u00f3n.<span style=\"font-size: 16px;\">\u00a0<\/span><\/p>\n<p><span style=\"font-size: 16px;\">\u00a0<\/span><\/p>\n<p>[\/et_pb_text][\/et_pb_column][\/et_pb_row][et_pb_row _builder_version=\u00bb3.26.1&#8243;][et_pb_column type=\u00bb1_2&#8243;][et_pb_image src=\u00bbhttp:\/\/obeduka.com\/wordpress-5.7-es_ES\/wordpress\/wp-content\/uploads\/2025\/02\/servicios-socializacion.jpg\u00bb _builder_version=\u00bb3.21&#8243; border_radii=\u00bbon|110px|110px|110px|110px\u00bb box_shadow_style=\u00bbpreset3&#8243; box_shadow_horizontal=\u00bb26px\u00bb box_shadow_vertical=\u00bb26px\u00bb box_shadow_blur=\u00bb68px\u00bb box_shadow_spread=\u00bb-16px\u00bb transform_scale=\u00bb105%|105%\u00bb transform_scale_last_edited=\u00bbon|desktop\u00bb transform_translate=\u00bb64px|-52px\u00bb transform_translate_last_edited=\u00bbon|desktop\u00bb transform_rotate=\u00bb0deg|0deg|25deg\u00bb transform_rotate_last_edited=\u00bbon|tablet\u00bb transform_skew_last_edited=\u00bbon|desktop\u00bb transform_origin_last_edited=\u00bbon|desktop\u00bb transform_styles_last_edited=\u00bbon|desktop\u00bb custom_margin=\u00bb||||false|false\u00bb]<\/p>\n<p><\/p>\n<p>[\/et_pb_image][\/et_pb_column][et_pb_column type=\u00bb1_2&#8243;][\/et_pb_column][\/et_pb_row][\/et_pb_section][et_pb_section bb_built=\u00bb1&#8243; admin_label=\u00bbFooter\u00bb _builder_version=\u00bb3.26&#8243; use_background_color_gradient=\u00bbon\u00bb background_color_gradient_start=\u00bb#f6f3ea\u00bb background_color_gradient_end=\u00bb#f4f1e7&#8243; custom_padding=\u00bb||0px||false|false\u00bb prev_background_color=\u00bb#efebdc\u00bb][et_pb_row custom_padding=\u00bb60px|10vw|5vw|40px|false|false\u00bb custom_padding_tablet=\u00bb|40px|||false|false\u00bb custom_padding_last_edited=\u00bbon|desktop\u00bb _builder_version=\u00bb3.26&#8243; background_color=\u00bb#efebdc\u00bb border_radii=\u00bb|200px|||\u00bb module_alignment=\u00bbright\u00bb global_module=\u00bb142&#8243;][et_pb_column type=\u00bb4_4&#8243;][et_pb_text global_parent=\u00bb142&#8243; _builder_version=\u00bb4.9.3&#8243; text_font=\u00bb||||||||\u00bb text_font_size=\u00bb16px\u00bb text_line_height=\u00bb1.8em\u00bb header_font=\u00bb||||||||\u00bb header_2_font=\u00bbAmatic SC|700|||||||\u00bb header_2_font_size=\u00bb80px\u00bb header_2_font_size_tablet=\u00bb60px\u00bb header_2_font_size_phone=\u00bb32px\u00bb header_2_font_size_last_edited=\u00bbon|phone\u00bb header_2_line_height=\u00bb1.2em\u00bb text_orientation=\u00bbcenter\u00bb max_width=\u00bb700px\u00bb module_alignment=\u00bbcenter\u00bb locked=\u00bboff\u00bb inline_fonts=\u00bbGeorgia\u00bb]<\/p>\n<h2><span style=\"font-weight: normal; font-family: Bebas;\">resuelve tus dudas<\/span><\/h2>\n<p>Lorem ipsum dolor sit amet, consectetur adipiscing elit. Morbi volutpat, leo quis hendrerit dictum, sapien libero fermentum justo, eget faucibus diam arcu.<\/p>\n<p>[\/et_pb_text][et_pb_button global_parent=\u00bb142&#8243; button_url=\u00bbhttp:\/\/obeduka.com\/wordpress-5.7-es_ES\/wordpress\/index.php\/contact\/\u00bb button_text=\u00bbContacta con nosotros\u00bb button_alignment=\u00bbcenter\u00bb _builder_version=\u00bb3.21&#8243; custom_button=\u00bbon\u00bb button_text_size=\u00bb18px\u00bb button_bg_color=\u00bb#76381A\u00bb button_border_color=\u00bbrgba(0,0,0,0)\u00bb button_border_radius=\u00bb50px\u00bb button_font=\u00bbBebas|700|||||||\u00bb button_icon=\u00bb%%3%%\u00bb background_layout=\u00bbdark\u00bb custom_padding=\u00bb15px|40px|15px|40px|true|true\u00bb]<\/p>\n<p><\/p>\n<p>[\/et_pb_button][\/et_pb_column][\/et_pb_row][et_pb_row custom_padding=\u00bb60px|8vw|5vw|40px|false|false\u00bb custom_padding_tablet=\u00bb|40px|||false|false\u00bb custom_padding_last_edited=\u00bbon|desktop\u00bb _builder_version=\u00bb3.26&#8243; background_color=\u00bb#efebdc\u00bb background_image=\u00bbhttp:\/\/obeduka.com\/wordpress-5.7-es_ES\/wordpress\/wp-content\/uploads\/2021\/11\/dog-walker-11.png\u00bb background_size=\u00bbcontain\u00bb background_position=\u00bbbottom_center\u00bb module_alignment=\u00bbright\u00bb saved_tabs=\u00bball\u00bb global_module=\u00bb143&#8243;][et_pb_column type=\u00bb3_5&#8243;][et_pb_image global_parent=\u00bb143&#8243; src=\u00bbhttp:\/\/obeduka.com\/wordpress-5.7-es_ES\/wordpress\/wp-content\/uploads\/2022\/05\/image_6483441.jpg\u00bb _builder_version=\u00bb3.21&#8243; border_radii=\u00bbon|10px|10px|10px|10px\u00bb box_shadow_style=\u00bbpreset3&#8243; box_shadow_vertical=\u00bb76px\u00bb box_shadow_blur=\u00bb68px\u00bb box_shadow_spread=\u00bb-28px\u00bb box_shadow_color=\u00bbrgba(0,0,0,0.32)\u00bb custom_margin=\u00bb|||-7vw|false|false\u00bb custom_margin_phone=\u00bb|||0vw|false|false\u00bb custom_margin_last_edited=\u00bbon|desktop\u00bb animation_direction=\u00bbleft\u00bb \/][\/et_pb_column][et_pb_column type=\u00bb2_5&#8243;][et_pb_text global_parent=\u00bb143&#8243; _builder_version=\u00bb4.9.3&#8243; text_font=\u00bb||||||||\u00bb text_line_height=\u00bb1.8em\u00bb header_font=\u00bb||||||||\u00bb header_3_font=\u00bbAmatic SC|700|||||||\u00bb header_3_text_color=\u00bb#ee6a5b\u00bb header_3_font_size=\u00bb40px\u00bb header_3_line_height=\u00bb1.2em\u00bb custom_margin=\u00bb60px||\u00bb inline_fonts=\u00bbBebas\u00bb]<\/p>\n<h3><span style=\"font-family: Bebas; font-weight: normal; color: #76381a;\">Contacta con nosotros\u00a0<\/span><\/h3>\n<p>Si estas interesad@ en alguno de nuestros servicios, no dudes en mandarnos un mensaje.<\/p>\n<p>[\/et_pb_text][et_pb_text global_parent=\u00bb143&#8243; _builder_version=\u00bb3.21&#8243; text_font_size=\u00bb16px\u00bb text_line_height=\u00bb1.8em\u00bb header_3_font=\u00bb|700||on|||||\u00bb header_3_font_size=\u00bb14px\u00bb header_3_letter_spacing=\u00bb2px\u00bb header_3_line_height=\u00bb1.8em\u00bb]<\/p>\n<h3>whatsapp<\/h3>\n<p><a href=\"https:\/\/api.whatsapp.com\/send\/?phone=659572101&amp;text&amp;type=phone_number&amp;app_absent=0\">659572101<\/a><\/p>\n<p>[\/et_pb_text][et_pb_text global_parent=\u00bb143&#8243; _builder_version=\u00bb4.9.3&#8243; text_font=\u00bb||||||||\u00bb text_font_size=\u00bb16px\u00bb text_line_height=\u00bb1.8em\u00bb header_font=\u00bb||||||||\u00bb header_3_font=\u00bb|700||on|||||\u00bb header_3_font_size=\u00bb14px\u00bb header_3_letter_spacing=\u00bb2px\u00bb header_3_line_height=\u00bb1.8em\u00bb]<\/p>\n<h3>Email<\/h3>\n<p>obedienciacaninaobeduka@gmail.com<\/p>\n<p>[\/et_pb_text][\/et_pb_column][\/et_pb_row][\/et_pb_section]<\/p>\n","protected":false},"excerpt":{"rendered":"<p>[et_pb_section bb_built=\u00bb1&#8243; admin_label=\u00bbHeader\u00bb custom_padding_last_edited=\u00bbon|phone\u00bb _builder_version=\u00bb3.26.1&#8243; background_color=\u00bb#efebdc\u00bb background_image=\u00bbhttp:\/\/sayeed.sandbox.etdevs.com\/divi\/wp-content\/uploads\/sites\/2\/2019\/07\/dog-walker-39.png\u00bb background_size=\u00bbcontain\u00bb background_position=\u00bbbottom_center\u00bb custom_padding=\u00bb||5vw||false|false\u00bb custom_padding_phone=\u00bb||80px||false|false\u00bb next_background_color=\u00bb#efebdc\u00bb][et_pb_row _builder_version=\u00bb3.26.1&#8243;][et_pb_column type=\u00bb1_2&#8243;][et_pb_text _builder_version=\u00bb3.26&#8243; text_font=\u00bb||||||||\u00bb text_font_size=\u00bb24px\u00bb text_font_size_phone=\u00bb22px\u00bb text_font_size_last_edited=\u00bbon|desktop\u00bb text_line_height=\u00bb1.8em\u00bb header_font=\u00bbAmatic SC|700|||||||\u00bb header_font_size=\u00bb130px\u00bb header_font_size_tablet=\u00bb80px\u00bb header_font_size_phone=\u00bb60px\u00bb header_font_size_last_edited=\u00bbon|phone\u00bb header_line_height=\u00bb1.2em\u00bb inline_fonts=\u00bbBebas\u00bb] sobre nosotros Con\u00f3cenos mejor, conoce nuestra historia. [\/et_pb_text][et_pb_social_media_follow _builder_version=\u00bb3.21&#8243; border_radii=\u00bbon|50px|50px|50px|50px\u00bb border_width_all=\u00bb10px\u00bb border_color_all=\u00bbrgba(0,0,0,0)\u00bb custom_margin=\u00bb5vw||||false|false\u00bb][et_pb_social_media_follow_network social_network=\u00bbfacebook\u00bb url=\u00bbhttps:\/\/www.facebook.com\/Obeduka-103708818525847\/\u00bb _builder_version=\u00bb3.21&#8243; background_color=\u00bb#000000&#8243; follow_button=\u00bboff\u00bb url_new_window=\u00bbon\u00bb]facebook[\/et_pb_social_media_follow_network][et_pb_social_media_follow_network social_network=\u00bbinstagram\u00bb url=\u00bbhttps:\/\/www.instagram.com\/obeduka\/\u00bb _builder_version=\u00bb3.21&#8243; background_color=\u00bb#000000&#8243; follow_button=\u00bboff\u00bb url_new_window=\u00bbon\u00bb]instagram[\/et_pb_social_media_follow_network][et_pb_social_media_follow_network social_network=\u00bbyoutube\u00bb _builder_version=\u00bb3.21&#8243; [&hellip;]<\/p>\n","protected":false},"author":1,"featured_media":0,"parent":0,"menu_order":0,"comment_status":"closed","ping_status":"closed","template":"","meta":{"_et_pb_use_builder":"on","_et_pb_old_content":"","footnotes":""},"class_list":["post-131","page","type-page","status-publish","hentry"],"yoast_head":"<!-- This site is optimized with the Yoast SEO plugin v24.0 - https:\/\/yoast.com\/wordpress\/plugins\/seo\/ -->\n<title>SOBRE NOSOTROS - OBEDUKA<\/title>\n<meta name=\"robots\" content=\"index, follow, max-snippet:-1, max-image-preview:large, max-video-preview:-1\" \/>\n<link rel=\"canonical\" href=\"https:\/\/obeduka.com\/wordpress-5.7-es_ES\/wordpress\/index.php\/sobre-nosotros\/\" \/>\n<meta property=\"og:locale\" content=\"es_ES\" \/>\n<meta property=\"og:type\" content=\"article\" \/>\n<meta property=\"og:title\" content=\"SOBRE NOSOTROS - OBEDUKA\" \/>\n<meta property=\"og:description\" content=\"[et_pb_section bb_built=\u00bb1&#8243; admin_label=\u00bbHeader\u00bb custom_padding_last_edited=\u00bbon|phone\u00bb _builder_version=\u00bb3.26.1&#8243; background_color=\u00bb#efebdc\u00bb background_image=\u00bbhttp:\/\/sayeed.sandbox.etdevs.com\/divi\/wp-content\/uploads\/sites\/2\/2019\/07\/dog-walker-39.png\u00bb background_size=\u00bbcontain\u00bb background_position=\u00bbbottom_center\u00bb custom_padding=\u00bb||5vw||false|false\u00bb custom_padding_phone=\u00bb||80px||false|false\u00bb next_background_color=\u00bb#efebdc\u00bb][et_pb_row _builder_version=\u00bb3.26.1&#8243;][et_pb_column type=\u00bb1_2&#8243;][et_pb_text _builder_version=\u00bb3.26&#8243; text_font=\u00bb||||||||\u00bb text_font_size=\u00bb24px\u00bb text_font_size_phone=\u00bb22px\u00bb text_font_size_last_edited=\u00bbon|desktop\u00bb text_line_height=\u00bb1.8em\u00bb header_font=\u00bbAmatic SC|700|||||||\u00bb header_font_size=\u00bb130px\u00bb header_font_size_tablet=\u00bb80px\u00bb header_font_size_phone=\u00bb60px\u00bb header_font_size_last_edited=\u00bbon|phone\u00bb header_line_height=\u00bb1.2em\u00bb inline_fonts=\u00bbBebas\u00bb] sobre nosotros Con\u00f3cenos mejor, conoce nuestra historia. [\/et_pb_text][et_pb_social_media_follow _builder_version=\u00bb3.21&#8243; border_radii=\u00bbon|50px|50px|50px|50px\u00bb border_width_all=\u00bb10px\u00bb border_color_all=\u00bbrgba(0,0,0,0)\u00bb custom_margin=\u00bb5vw||||false|false\u00bb][et_pb_social_media_follow_network social_network=\u00bbfacebook\u00bb url=\u00bbhttps:\/\/www.facebook.com\/Obeduka-103708818525847\/\u00bb _builder_version=\u00bb3.21&#8243; background_color=\u00bb#000000&#8243; follow_button=\u00bboff\u00bb url_new_window=\u00bbon\u00bb]facebook[\/et_pb_social_media_follow_network][et_pb_social_media_follow_network social_network=\u00bbinstagram\u00bb url=\u00bbhttps:\/\/www.instagram.com\/obeduka\/\u00bb _builder_version=\u00bb3.21&#8243; background_color=\u00bb#000000&#8243; follow_button=\u00bboff\u00bb url_new_window=\u00bbon\u00bb]instagram[\/et_pb_social_media_follow_network][et_pb_social_media_follow_network social_network=\u00bbyoutube\u00bb _builder_version=\u00bb3.21&#8243; [&hellip;]\" \/>\n<meta property=\"og:url\" content=\"https:\/\/obeduka.com\/wordpress-5.7-es_ES\/wordpress\/index.php\/sobre-nosotros\/\" \/>\n<meta property=\"og:site_name\" content=\"OBEDUKA\" \/>\n<meta property=\"article:modified_time\" content=\"2025-02-18T21:26:57+00:00\" \/>\n<meta name=\"twitter:card\" content=\"summary_large_image\" \/>\n<meta name=\"twitter:label1\" content=\"Tiempo de lectura\" \/>\n\t<meta name=\"twitter:data1\" content=\"2 minutos\" \/>\n<script type=\"application\/ld+json\" class=\"yoast-schema-graph\">{\"@context\":\"https:\/\/schema.org\",\"@graph\":[{\"@type\":\"WebPage\",\"@id\":\"https:\/\/obeduka.com\/wordpress-5.7-es_ES\/wordpress\/index.php\/sobre-nosotros\/\",\"url\":\"https:\/\/obeduka.com\/wordpress-5.7-es_ES\/wordpress\/index.php\/sobre-nosotros\/\",\"name\":\"SOBRE NOSOTROS - OBEDUKA\",\"isPartOf\":{\"@id\":\"https:\/\/obeduka.com\/wordpress-5.7-es_ES\/wordpress\/#website\"},\"datePublished\":\"2022-02-24T08:09:05+00:00\",\"dateModified\":\"2025-02-18T21:26:57+00:00\",\"breadcrumb\":{\"@id\":\"https:\/\/obeduka.com\/wordpress-5.7-es_ES\/wordpress\/index.php\/sobre-nosotros\/#breadcrumb\"},\"inLanguage\":\"es\",\"potentialAction\":[{\"@type\":\"ReadAction\",\"target\":[\"https:\/\/obeduka.com\/wordpress-5.7-es_ES\/wordpress\/index.php\/sobre-nosotros\/\"]}]},{\"@type\":\"BreadcrumbList\",\"@id\":\"https:\/\/obeduka.com\/wordpress-5.7-es_ES\/wordpress\/index.php\/sobre-nosotros\/#breadcrumb\",\"itemListElement\":[{\"@type\":\"ListItem\",\"position\":1,\"name\":\"Portada\",\"item\":\"https:\/\/obeduka.com\/wordpress-5.7-es_ES\/wordpress\/\"},{\"@type\":\"ListItem\",\"position\":2,\"name\":\"SOBRE NOSOTROS\"}]},{\"@type\":\"WebSite\",\"@id\":\"https:\/\/obeduka.com\/wordpress-5.7-es_ES\/wordpress\/#website\",\"url\":\"https:\/\/obeduka.com\/wordpress-5.7-es_ES\/wordpress\/\",\"name\":\"OBEDUKA\",\"description\":\"Obediencia y educaci\u00f3n canina\",\"potentialAction\":[{\"@type\":\"SearchAction\",\"target\":{\"@type\":\"EntryPoint\",\"urlTemplate\":\"https:\/\/obeduka.com\/wordpress-5.7-es_ES\/wordpress\/?s={search_term_string}\"},\"query-input\":{\"@type\":\"PropertyValueSpecification\",\"valueRequired\":true,\"valueName\":\"search_term_string\"}}],\"inLanguage\":\"es\"}]}<\/script>\n<!-- \/ Yoast SEO plugin. -->","yoast_head_json":{"title":"SOBRE NOSOTROS - OBEDUKA","robots":{"index":"index","follow":"follow","max-snippet":"max-snippet:-1","max-image-preview":"max-image-preview:large","max-video-preview":"max-video-preview:-1"},"canonical":"https:\/\/obeduka.com\/wordpress-5.7-es_ES\/wordpress\/index.php\/sobre-nosotros\/","og_locale":"es_ES","og_type":"article","og_title":"SOBRE NOSOTROS - OBEDUKA","og_description":"[et_pb_section bb_built=\u00bb1&#8243; admin_label=\u00bbHeader\u00bb custom_padding_last_edited=\u00bbon|phone\u00bb _builder_version=\u00bb3.26.1&#8243; background_color=\u00bb#efebdc\u00bb background_image=\u00bbhttp:\/\/sayeed.sandbox.etdevs.com\/divi\/wp-content\/uploads\/sites\/2\/2019\/07\/dog-walker-39.png\u00bb background_size=\u00bbcontain\u00bb background_position=\u00bbbottom_center\u00bb custom_padding=\u00bb||5vw||false|false\u00bb custom_padding_phone=\u00bb||80px||false|false\u00bb next_background_color=\u00bb#efebdc\u00bb][et_pb_row _builder_version=\u00bb3.26.1&#8243;][et_pb_column type=\u00bb1_2&#8243;][et_pb_text _builder_version=\u00bb3.26&#8243; text_font=\u00bb||||||||\u00bb text_font_size=\u00bb24px\u00bb text_font_size_phone=\u00bb22px\u00bb text_font_size_last_edited=\u00bbon|desktop\u00bb text_line_height=\u00bb1.8em\u00bb header_font=\u00bbAmatic SC|700|||||||\u00bb header_font_size=\u00bb130px\u00bb header_font_size_tablet=\u00bb80px\u00bb header_font_size_phone=\u00bb60px\u00bb header_font_size_last_edited=\u00bbon|phone\u00bb header_line_height=\u00bb1.2em\u00bb inline_fonts=\u00bbBebas\u00bb] sobre nosotros Con\u00f3cenos mejor, conoce nuestra historia. [\/et_pb_text][et_pb_social_media_follow _builder_version=\u00bb3.21&#8243; border_radii=\u00bbon|50px|50px|50px|50px\u00bb border_width_all=\u00bb10px\u00bb border_color_all=\u00bbrgba(0,0,0,0)\u00bb custom_margin=\u00bb5vw||||false|false\u00bb][et_pb_social_media_follow_network social_network=\u00bbfacebook\u00bb url=\u00bbhttps:\/\/www.facebook.com\/Obeduka-103708818525847\/\u00bb _builder_version=\u00bb3.21&#8243; background_color=\u00bb#000000&#8243; follow_button=\u00bboff\u00bb url_new_window=\u00bbon\u00bb]facebook[\/et_pb_social_media_follow_network][et_pb_social_media_follow_network social_network=\u00bbinstagram\u00bb url=\u00bbhttps:\/\/www.instagram.com\/obeduka\/\u00bb _builder_version=\u00bb3.21&#8243; background_color=\u00bb#000000&#8243; follow_button=\u00bboff\u00bb url_new_window=\u00bbon\u00bb]instagram[\/et_pb_social_media_follow_network][et_pb_social_media_follow_network social_network=\u00bbyoutube\u00bb _builder_version=\u00bb3.21&#8243; [&hellip;]","og_url":"https:\/\/obeduka.com\/wordpress-5.7-es_ES\/wordpress\/index.php\/sobre-nosotros\/","og_site_name":"OBEDUKA","article_modified_time":"2025-02-18T21:26:57+00:00","twitter_card":"summary_large_image","twitter_misc":{"Tiempo de lectura":"2 minutos"},"schema":{"@context":"https:\/\/schema.org","@graph":[{"@type":"WebPage","@id":"https:\/\/obeduka.com\/wordpress-5.7-es_ES\/wordpress\/index.php\/sobre-nosotros\/","url":"https:\/\/obeduka.com\/wordpress-5.7-es_ES\/wordpress\/index.php\/sobre-nosotros\/","name":"SOBRE NOSOTROS - OBEDUKA","isPartOf":{"@id":"https:\/\/obeduka.com\/wordpress-5.7-es_ES\/wordpress\/#website"},"datePublished":"2022-02-24T08:09:05+00:00","dateModified":"2025-02-18T21:26:57+00:00","breadcrumb":{"@id":"https:\/\/obeduka.com\/wordpress-5.7-es_ES\/wordpress\/index.php\/sobre-nosotros\/#breadcrumb"},"inLanguage":"es","potentialAction":[{"@type":"ReadAction","target":["https:\/\/obeduka.com\/wordpress-5.7-es_ES\/wordpress\/index.php\/sobre-nosotros\/"]}]},{"@type":"BreadcrumbList","@id":"https:\/\/obeduka.com\/wordpress-5.7-es_ES\/wordpress\/index.php\/sobre-nosotros\/#breadcrumb","itemListElement":[{"@type":"ListItem","position":1,"name":"Portada","item":"https:\/\/obeduka.com\/wordpress-5.7-es_ES\/wordpress\/"},{"@type":"ListItem","position":2,"name":"SOBRE NOSOTROS"}]},{"@type":"WebSite","@id":"https:\/\/obeduka.com\/wordpress-5.7-es_ES\/wordpress\/#website","url":"https:\/\/obeduka.com\/wordpress-5.7-es_ES\/wordpress\/","name":"OBEDUKA","description":"Obediencia y educaci\u00f3n canina","potentialAction":[{"@type":"SearchAction","target":{"@type":"EntryPoint","urlTemplate":"https:\/\/obeduka.com\/wordpress-5.7-es_ES\/wordpress\/?s={search_term_string}"},"query-input":{"@type":"PropertyValueSpecification","valueRequired":true,"valueName":"search_term_string"}}],"inLanguage":"es"}]}},"_links":{"self":[{"href":"https:\/\/obeduka.com\/wordpress-5.7-es_ES\/wordpress\/index.php\/wp-json\/wp\/v2\/pages\/131","targetHints":{"allow":["GET"]}}],"collection":[{"href":"https:\/\/obeduka.com\/wordpress-5.7-es_ES\/wordpress\/index.php\/wp-json\/wp\/v2\/pages"}],"about":[{"href":"https:\/\/obeduka.com\/wordpress-5.7-es_ES\/wordpress\/index.php\/wp-json\/wp\/v2\/types\/page"}],"author":[{"embeddable":true,"href":"https:\/\/obeduka.com\/wordpress-5.7-es_ES\/wordpress\/index.php\/wp-json\/wp\/v2\/users\/1"}],"replies":[{"embeddable":true,"href":"https:\/\/obeduka.com\/wordpress-5.7-es_ES\/wordpress\/index.php\/wp-json\/wp\/v2\/comments?post=131"}],"version-history":[{"count":15,"href":"https:\/\/obeduka.com\/wordpress-5.7-es_ES\/wordpress\/index.php\/wp-json\/wp\/v2\/pages\/131\/revisions"}],"predecessor-version":[{"id":306,"href":"https:\/\/obeduka.com\/wordpress-5.7-es_ES\/wordpress\/index.php\/wp-json\/wp\/v2\/pages\/131\/revisions\/306"}],"wp:attachment":[{"href":"https:\/\/obeduka.com\/wordpress-5.7-es_ES\/wordpress\/index.php\/wp-json\/wp\/v2\/media?parent=131"}],"curies":[{"name":"wp","href":"https:\/\/api.w.org\/{rel}","templated":true}]}}