{"id":93,"date":"2021-12-01T09:15:29","date_gmt":"2021-12-01T09:15:29","guid":{"rendered":"http:\/\/obeduka.com\/wordpress-5.7-es_ES\/wordpress\/?page_id=93"},"modified":"2025-02-18T20:29:33","modified_gmt":"2025-02-18T20:29:33","slug":"nuestros-servicios","status":"publish","type":"page","link":"https:\/\/obeduka.com\/wordpress-5.7-es_ES\/wordpress\/index.php\/nuestros-servicios\/","title":{"rendered":"Nuestros Servicios"},"content":{"rendered":"<p>[et_pb_section bb_built=\u00bb1&#8243; admin_label=\u00bbHeader\u00bb next_background_color=\u00bb#ffffff\u00bb _builder_version=\u00bb3.26.1&#8243; background_color=\u00bb#efebdc\u00bb background_size=\u00bbcontain\u00bb background_position=\u00bbbottom_center\u00bb custom_padding=\u00bb||0px|||\u00bb bottom_divider_style=\u00bbwaves\u00bb bottom_divider_height=\u00bb22vw\u00bb bottom_divider_repeat=\u00bb0.7x\u00bb][et_pb_row custom_padding=\u00bb5vw||||false|false\u00bb _builder_version=\u00bb3.26.1&#8243; background_size=\u00bbinitial\u00bb background_position=\u00bbtop_left\u00bb background_repeat=\u00bbrepeat\u00bb][et_pb_column type=\u00bb4_4&#8243;][et_pb_text _builder_version=\u00bb3.26.1&#8243; text_font=\u00bb||||||||\u00bb text_font_size=\u00bb20px\u00bb text_font_size_phone=\u00bb18px\u00bb text_font_size_last_edited=\u00bbon|phone\u00bb text_line_height=\u00bb1.8em\u00bb header_font=\u00bbAmatic SC|700|||||||\u00bb header_font_size=\u00bb130px\u00bb header_font_size_tablet=\u00bb80px\u00bb header_font_size_phone=\u00bb60px\u00bb header_font_size_last_edited=\u00bbon|phone\u00bb header_line_height=\u00bb1.2em\u00bb text_orientation=\u00bbcenter\u00bb max_width=\u00bb800px\u00bb module_alignment=\u00bbcenter\u00bb inline_fonts=\u00bbBebas\u00bb]<\/p>\n<h1><span style=\"font-family: Bebas; font-weight: normal;\">Servicios<\/span><\/h1>\n<p>Antes de nada, es imprescindible conocer el entorno del perro y evaluar sus necesidades. As\u00ed marcaremos unos objetivos realistas y ajustados a sus progresos.<\/p>\n<p>[\/et_pb_text][\/et_pb_column][\/et_pb_row][et_pb_row custom_margin=\u00bb80px||80px||true|false\u00bb _builder_version=\u00bb3.26.1&#8243;][et_pb_column type=\u00bb1_3&#8243;][et_pb_image src=\u00bbhttp:\/\/obeduka.com\/wordpress-5.7-es_ES\/wordpress\/wp-content\/uploads\/2022\/06\/WhatsApp-Image-2022-06-26-at-1.41.03-PM.jpeg\u00bb align=\u00bbcenter\u00bb _builder_version=\u00bb3.21&#8243; border_radii=\u00bbon|65px|65px|65px|65px\u00bb box_shadow_style=\u00bbpreset3&#8243; box_shadow_horizontal=\u00bb26px\u00bb box_shadow_vertical=\u00bb26px\u00bb box_shadow_blur=\u00bb68px\u00bb box_shadow_spread=\u00bb-16px\u00bb transform_rotate=\u00bb0deg|0deg|-10deg\u00bb custom_margin=\u00bb-60px||\u00bb custom_margin_tablet=\u00bb0px||||false|false\u00bb custom_margin_last_edited=\u00bbon|desktop\u00bb]<\/p>\n<p><\/p>\n<p>[\/et_pb_image][et_pb_text _builder_version=\u00bb3.26&#8243; text_font=\u00bb||||||||\u00bb text_line_height=\u00bb1.8em\u00bb header_font=\u00bb||||||||\u00bb header_3_font=\u00bbAmatic SC|700|||||||\u00bb header_3_font_size=\u00bb40px\u00bb header_3_line_height=\u00bb1.2em\u00bb custom_margin=\u00bb60px||\u00bb inline_fonts=\u00bbBebas\u00bb]<\/p>\n<h3><span face=\"Bebas\" style=\"font-family: Bebas;\">obediencia BASICA\u00a0<\/span><\/h3>\n<p>Es el primer paso para aprender a obedecer nociones principales como sentarse, quedarse quieto y junto ETC.<\/p>\n<p>[\/et_pb_text][et_pb_text _builder_version=\u00bb3.25.4&#8243; text_font=\u00bb||||||||\u00bb text_text_color=\u00bb#2a2a2a\u00bb text_line_height=\u00bb1.8em\u00bb]<\/p>\n<p><\/p>\n<p>[\/et_pb_text][et_pb_button button_url=\u00bbhttp:\/\/obeduka.com\/wordpress-5.7-es_ES\/wordpress\/index.php\/contact\/\u00bb button_text=\u00bbPedir cita\u00bb _builder_version=\u00bb3.21&#8243; custom_button=\u00bbon\u00bb button_text_size=\u00bb14px\u00bb button_bg_color=\u00bb#76381a\u00bb button_border_color=\u00bbrgba(0,0,0,0)\u00bb button_border_radius=\u00bb50px\u00bb button_font=\u00bb|700|||||||\u00bb button_icon=\u00bb%%3%%\u00bb background_layout=\u00bbdark\u00bb custom_padding=\u00bb10px|40px|10px|40px|true|true\u00bb]<\/p>\n<p><\/p>\n<p>[\/et_pb_button][\/et_pb_column][et_pb_column type=\u00bb1_3&#8243;][et_pb_image src=\u00bbhttp:\/\/obeduka.com\/wordpress-5.7-es_ES\/wordpress\/wp-content\/uploads\/2022\/06\/WhatsApp-Image-2022-06-26-at-1.41.42-PM.jpeg\u00bb align=\u00bbcenter\u00bb _builder_version=\u00bb3.21&#8243; border_radii=\u00bbon|65px|65px|65px|65px\u00bb box_shadow_style=\u00bbpreset3&#8243; box_shadow_horizontal=\u00bb26px\u00bb box_shadow_vertical=\u00bb26px\u00bb box_shadow_blur=\u00bb68px\u00bb box_shadow_spread=\u00bb-16px\u00bb transform_rotate=\u00bb0deg|0deg|10deg\u00bb custom_margin=\u00bb-60px||\u00bb custom_margin_tablet=\u00bb0px||||false|false\u00bb custom_margin_last_edited=\u00bbon|desktop\u00bb]<\/p>\n<p><\/p>\n<p>[\/et_pb_image][et_pb_text _builder_version=\u00bb3.25.4&#8243; text_font=\u00bb||||||||\u00bb text_line_height=\u00bb1.8em\u00bb header_font=\u00bb||||||||\u00bb header_3_font=\u00bbAmatic SC|700|||||||\u00bb header_3_font_size=\u00bb40px\u00bb header_3_line_height=\u00bb1.2em\u00bb custom_margin=\u00bb60px||\u00bb inline_fonts=\u00bbBebas\u00bb]<\/p>\n<h3><span face=\"Bebas\" style=\"font-family: Bebas;\">obediencia avanzada<\/span><\/h3>\n<p>Se aprenden conductas a distacia, sin correa y comportamientos relacionados con objetos y otros perros..<\/p>\n<p>[\/et_pb_text][et_pb_text _builder_version=\u00bb3.25.4&#8243; text_font=\u00bb||||||||\u00bb text_text_color=\u00bb#2a2a2a\u00bb text_line_height=\u00bb1.8em\u00bb locked=\u00bboff\u00bb]<\/p>\n<p><\/p>\n<p>[\/et_pb_text][et_pb_button button_url=\u00bbhttp:\/\/obeduka.com\/wordpress-5.7-es_ES\/wordpress\/index.php\/contact\/\u00bb button_text=\u00bbPedir cita\u00bb _builder_version=\u00bb3.21&#8243; custom_button=\u00bbon\u00bb button_text_size=\u00bb14px\u00bb button_bg_color=\u00bb#76381a\u00bb button_border_color=\u00bbrgba(0,0,0,0)\u00bb button_border_radius=\u00bb50px\u00bb button_font=\u00bb|700|||||||\u00bb button_icon=\u00bb%%3%%\u00bb background_layout=\u00bbdark\u00bb custom_padding=\u00bb10px|40px|10px|40px|true|true\u00bb]<\/p>\n<p><\/p>\n<p>[\/et_pb_button][\/et_pb_column][et_pb_column type=\u00bb1_3&#8243;][et_pb_image src=\u00bbhttp:\/\/obeduka.com\/wordpress-5.7-es_ES\/wordpress\/wp-content\/uploads\/2022\/06\/68c0361e-02a1-4df8-a000-d0a566f951f3.jpg\u00bb align=\u00bbcenter\u00bb _builder_version=\u00bb3.21&#8243; border_radii=\u00bbon|65px|65px|65px|65px\u00bb box_shadow_style=\u00bbpreset3&#8243; box_shadow_horizontal=\u00bb26px\u00bb box_shadow_vertical=\u00bb26px\u00bb box_shadow_blur=\u00bb68px\u00bb box_shadow_spread=\u00bb-16px\u00bb transform_rotate=\u00bb0deg|0deg|3deg\u00bb custom_margin=\u00bb-60px||\u00bb custom_margin_tablet=\u00bb0px||||false|false\u00bb custom_margin_last_edited=\u00bbon|desktop\u00bb]<\/p>\n<p><\/p>\n<p>[\/et_pb_image][et_pb_text _builder_version=\u00bb3.25.4&#8243; text_font=\u00bb||||||||\u00bb text_line_height=\u00bb1.8em\u00bb header_font=\u00bb||||||||\u00bb header_3_font=\u00bbAmatic SC|700|||||||\u00bb header_3_font_size=\u00bb40px\u00bb header_3_line_height=\u00bb1.2em\u00bb custom_margin=\u00bb60px||\u00bb]<\/p>\n<h3><span face=\"Bebas\" style=\"font-family: Bebas;\">agresividad<\/span><\/h3>\n<p>Trabajamos en la desaparici\u00f3n de comportamientos no adecuados y encauzamos los correctos para acomodar las conductas del perro a su entorno. Ante todo, debemos sentirnos c\u00f3modos, tanto humanos como perros.<\/p>\n<p>[\/et_pb_text][et_pb_text _builder_version=\u00bb3.25.4&#8243; text_font=\u00bb||||||||\u00bb text_text_color=\u00bb#2a2a2a\u00bb text_line_height=\u00bb1.8em\u00bb locked=\u00bboff\u00bb]<\/p>\n<p><\/p>\n<p>[\/et_pb_text][et_pb_button button_url=\u00bbhttp:\/\/obeduka.com\/wordpress-5.7-es_ES\/wordpress\/index.php\/contact\/\u00bb button_text=\u00bbPedir cita\u00bb _builder_version=\u00bb3.21&#8243; custom_button=\u00bbon\u00bb button_text_size=\u00bb14px\u00bb button_bg_color=\u00bb#76381a\u00bb button_border_color=\u00bbrgba(0,0,0,0)\u00bb button_border_radius=\u00bb50px\u00bb button_font=\u00bb|700|||||||\u00bb button_icon=\u00bb%%3%%\u00bb background_layout=\u00bbdark\u00bb custom_padding=\u00bb10px|40px|10px|40px|true|true\u00bb]<\/p>\n<p><\/p>\n<p>[\/et_pb_button][\/et_pb_column][\/et_pb_row][et_pb_row custom_margin=\u00bb80px||80px||true|false\u00bb _builder_version=\u00bb3.26.1&#8243;][et_pb_column type=\u00bb1_3&#8243;][et_pb_image src=\u00bbhttp:\/\/obeduka.com\/wordpress-5.7-es_ES\/wordpress\/wp-content\/uploads\/2025\/02\/servicios-socializacion.jpg\u00bb align=\u00bbcenter\u00bb _builder_version=\u00bb3.21&#8243; border_radii=\u00bbon|65px|65px|65px|65px\u00bb box_shadow_style=\u00bbpreset3&#8243; box_shadow_horizontal=\u00bb26px\u00bb box_shadow_vertical=\u00bb26px\u00bb box_shadow_blur=\u00bb68px\u00bb box_shadow_spread=\u00bb-16px\u00bb transform_rotate=\u00bb0deg|0deg|-10deg\u00bb custom_margin=\u00bb-60px||\u00bb custom_margin_tablet=\u00bb0px||||false|false\u00bb custom_margin_last_edited=\u00bbon|desktop\u00bb]<\/p>\n<p><\/p>\n<p>[\/et_pb_image][et_pb_text _builder_version=\u00bb3.26&#8243; text_font=\u00bb||||||||\u00bb text_line_height=\u00bb1.8em\u00bb header_font=\u00bb||||||||\u00bb header_3_font=\u00bbAmatic SC|700|||||||\u00bb header_3_font_size=\u00bb40px\u00bb header_3_line_height=\u00bb1.2em\u00bb custom_margin=\u00bb60px||\u00bb inline_fonts=\u00bbBebas\u00bb]<\/p>\n<h3><span face=\"Bebas\" style=\"font-family: Bebas;\">socializacion<\/span><\/h3>\n<p>Se expone al perro a diferentes est\u00edmulos de manera gradual para evitar estresarlo y\/o crear miedo a los sonidos, premi\u00e1ndole cuando su conducta sea relajada. Tr\u00e1fico, ruidos de electrodom\u00e9sticos y beb\u00e9s son algunos ejemplos de ello.<\/p>\n<p>[\/et_pb_text][et_pb_text _builder_version=\u00bb3.25.4&#8243; text_font=\u00bb||||||||\u00bb text_text_color=\u00bb#2a2a2a\u00bb text_line_height=\u00bb1.8em\u00bb]<\/p>\n<p><\/p>\n<p>[\/et_pb_text][et_pb_button button_url=\u00bbhttp:\/\/obeduka.com\/wordpress-5.7-es_ES\/wordpress\/index.php\/contact\/\u00bb button_text=\u00bbPedir cita\u00bb _builder_version=\u00bb3.21&#8243; custom_button=\u00bbon\u00bb button_text_size=\u00bb14px\u00bb button_bg_color=\u00bb#76381a\u00bb button_border_color=\u00bbrgba(0,0,0,0)\u00bb button_border_radius=\u00bb50px\u00bb button_font=\u00bb|700|||||||\u00bb button_icon=\u00bb%%3%%\u00bb background_layout=\u00bbdark\u00bb custom_padding=\u00bb10px|40px|10px|40px|true|true\u00bb]<\/p>\n<p><\/p>\n<p>[\/et_pb_button][\/et_pb_column][et_pb_column type=\u00bb1_3&#8243;][et_pb_image src=\u00bbhttp:\/\/obeduka.com\/wordpress-5.7-es_ES\/wordpress\/wp-content\/uploads\/2022\/06\/WhatsApp-Image-2022-06-26-at-1.39.04-PM.jpeg\u00bb align=\u00bbcenter\u00bb _builder_version=\u00bb3.21&#8243; border_radii=\u00bbon|65px|65px|65px|65px\u00bb box_shadow_style=\u00bbpreset3&#8243; box_shadow_horizontal=\u00bb26px\u00bb box_shadow_vertical=\u00bb26px\u00bb box_shadow_blur=\u00bb68px\u00bb box_shadow_spread=\u00bb-16px\u00bb transform_rotate=\u00bb0deg|0deg|10deg\u00bb custom_margin=\u00bb-60px||\u00bb custom_margin_tablet=\u00bb0px||||false|false\u00bb custom_margin_last_edited=\u00bbon|desktop\u00bb]<\/p>\n<p><\/p>\n<p>[\/et_pb_image][et_pb_text _builder_version=\u00bb3.25.4&#8243; text_font=\u00bb||||||||\u00bb text_line_height=\u00bb1.8em\u00bb header_font=\u00bb||||||||\u00bb header_3_font=\u00bbAmatic SC|700|||||||\u00bb header_3_font_size=\u00bb40px\u00bb header_3_line_height=\u00bb1.2em\u00bb custom_margin=\u00bb60px||\u00bb inline_fonts=\u00bbBebas\u00bb]<\/p>\n<h3><span face=\"Bebas\" style=\"font-family: Bebas;\">CLASES GRUPALES<\/span><\/h3>\n<p>Los talleres en grupo beneficiar\u00e1n el proceso de educaci\u00f3n y obediencia del perro, mejorando la sociabilidad, el manejo de situaciones cotidianas y aumentando el v\u00ednculo con el humano y dem\u00e1s perros.<\/p>\n<p>[\/et_pb_text][et_pb_text _builder_version=\u00bb3.25.4&#8243; text_font=\u00bb||||||||\u00bb text_text_color=\u00bb#2a2a2a\u00bb text_line_height=\u00bb1.8em\u00bb locked=\u00bboff\u00bb]<\/p>\n<p><\/p>\n<p>[\/et_pb_text][et_pb_button button_url=\u00bbhttp:\/\/obeduka.com\/wordpress-5.7-es_ES\/wordpress\/index.php\/contact\/\u00bb button_text=\u00bbPedir cita\u00bb _builder_version=\u00bb3.21&#8243; custom_button=\u00bbon\u00bb button_text_size=\u00bb14px\u00bb button_bg_color=\u00bb#76381a\u00bb button_border_color=\u00bbrgba(0,0,0,0)\u00bb button_border_radius=\u00bb50px\u00bb button_font=\u00bb|700|||||||\u00bb button_icon=\u00bb%%3%%\u00bb background_layout=\u00bbdark\u00bb custom_padding=\u00bb10px|40px|10px|40px|true|true\u00bb]<\/p>\n<p><\/p>\n<p>[\/et_pb_button][\/et_pb_column][et_pb_column type=\u00bb1_3&#8243;][et_pb_text _builder_version=\u00bb3.25.4&#8243; text_font=\u00bb||||||||\u00bb text_text_color=\u00bb#2a2a2a\u00bb text_line_height=\u00bb1.8em\u00bb locked=\u00bboff\u00bb]<\/p>\n<p><\/p>\n<p>[\/et_pb_text][\/et_pb_column][\/et_pb_row][\/et_pb_section][et_pb_section bb_built=\u00bb1&#8243; admin_label=\u00bbFooter\u00bb _builder_version=\u00bb3.26&#8243; use_background_color_gradient=\u00bbon\u00bb background_color_gradient_start=\u00bb#f6f3ea\u00bb background_color_gradient_end=\u00bb#f4f1e7&#8243; custom_padding=\u00bb0||0px||false|false\u00bb prev_background_color=\u00bb#efebdc\u00bb][et_pb_row custom_padding=\u00bb67px|10vw|5vw|40px|false|false\u00bb custom_padding_tablet=\u00bb|40px|||false|false\u00bb custom_padding_last_edited=\u00bbon|desktop\u00bb _builder_version=\u00bb3.26&#8243; background_color=\u00bb#efebdc\u00bb background_image=\u00bbhttp:\/\/sayeed.sandbox.etdevs.com\/divi\/wp-content\/uploads\/sites\/2\/2019\/07\/dog-walker-11.png\u00bb background_size=\u00bbcontain\u00bb background_position=\u00bbbottom_center\u00bb module_alignment=\u00bbright\u00bb][et_pb_column type=\u00bb3_5&#8243;][et_pb_image src=\u00bbhttp:\/\/obeduka.com\/wordpress-5.7-es_ES\/wordpress\/wp-content\/uploads\/2022\/05\/image_6483441.jpg\u00bb force_fullwidth=\u00bbon\u00bb _builder_version=\u00bb3.21&#8243; border_radii=\u00bbon|10px|10px|10px|10px\u00bb box_shadow_style=\u00bbpreset3&#8243; box_shadow_vertical=\u00bb76px\u00bb box_shadow_blur=\u00bb68px\u00bb box_shadow_spread=\u00bb-28px\u00bb box_shadow_color=\u00bbrgba(0,0,0,0.32)\u00bb custom_margin=\u00bb|||-7vw|false|false\u00bb custom_margin_phone=\u00bb|||0vw|false|false\u00bb custom_margin_last_edited=\u00bbon|desktop\u00bb animation_direction=\u00bbleft\u00bb]<\/p>\n<p><\/p>\n<p>[\/et_pb_image][\/et_pb_column][et_pb_column type=\u00bb2_5&#8243;][et_pb_text _builder_version=\u00bb3.26&#8243; text_font=\u00bb||||||||\u00bb text_line_height=\u00bb1.8em\u00bb header_font=\u00bb||||||||\u00bb header_3_font=\u00bbAmatic SC|700|||||||\u00bb header_3_text_color=\u00bb#ee6a5b\u00bb header_3_font_size=\u00bb40px\u00bb header_3_line_height=\u00bb1.2em\u00bb custom_margin=\u00bb60px||\u00bb inline_fonts=\u00bbBebas\u00bb]<\/p>\n<h3><span style=\"font-family: Bebas; font-weight: normal; color: #76381a;\">CONTACTA CON NOSOTROS<\/span><\/h3>\n<p>Si estas interesad@ en alguno de nuestros servicios, no dudes en mandarnos un mensaje.<\/p>\n<p>[\/et_pb_text][et_pb_text _builder_version=\u00bb3.26&#8243; text_font=\u00bb||||||||\u00bb text_font_size=\u00bb16px\u00bb text_line_height=\u00bb1.8em\u00bb header_font=\u00bb||||||||\u00bb header_3_font=\u00bb|700||on|||||\u00bb header_3_font_size=\u00bb14px\u00bb header_3_letter_spacing=\u00bb2px\u00bb header_3_line_height=\u00bb1.8em\u00bb]<\/p>\n<h3>Phone<\/h3>\n<p>659572101<\/p>\n<p>[\/et_pb_text][et_pb_text _builder_version=\u00bb3.26&#8243; text_font=\u00bb||||||||\u00bb text_font_size=\u00bb16px\u00bb text_line_height=\u00bb1.8em\u00bb header_font=\u00bb||||||||\u00bb header_3_font=\u00bb|700||on|||||\u00bb header_3_font_size=\u00bb14px\u00bb header_3_letter_spacing=\u00bb2px\u00bb header_3_line_height=\u00bb1.8em\u00bb]<\/p>\n<h3>Email<\/h3>\n<p>obedienciacaninaobeduka@gmail.com<\/p>\n<p>[\/et_pb_text][\/et_pb_column][\/et_pb_row][\/et_pb_section]<\/p>\n","protected":false},"excerpt":{"rendered":"<p>[et_pb_section bb_built=\u00bb1&#8243; admin_label=\u00bbHeader\u00bb next_background_color=\u00bb#ffffff\u00bb _builder_version=\u00bb3.26.1&#8243; background_color=\u00bb#efebdc\u00bb background_size=\u00bbcontain\u00bb background_position=\u00bbbottom_center\u00bb custom_padding=\u00bb||0px|||\u00bb bottom_divider_style=\u00bbwaves\u00bb bottom_divider_height=\u00bb22vw\u00bb bottom_divider_repeat=\u00bb0.7x\u00bb][et_pb_row custom_padding=\u00bb5vw||||false|false\u00bb _builder_version=\u00bb3.26.1&#8243; background_size=\u00bbinitial\u00bb background_position=\u00bbtop_left\u00bb background_repeat=\u00bbrepeat\u00bb][et_pb_column type=\u00bb4_4&#8243;][et_pb_text _builder_version=\u00bb3.26.1&#8243; text_font=\u00bb||||||||\u00bb text_font_size=\u00bb20px\u00bb text_font_size_phone=\u00bb18px\u00bb text_font_size_last_edited=\u00bbon|phone\u00bb text_line_height=\u00bb1.8em\u00bb header_font=\u00bbAmatic SC|700|||||||\u00bb header_font_size=\u00bb130px\u00bb header_font_size_tablet=\u00bb80px\u00bb header_font_size_phone=\u00bb60px\u00bb header_font_size_last_edited=\u00bbon|phone\u00bb header_line_height=\u00bb1.2em\u00bb text_orientation=\u00bbcenter\u00bb max_width=\u00bb800px\u00bb module_alignment=\u00bbcenter\u00bb inline_fonts=\u00bbBebas\u00bb] Servicios Antes de nada, es imprescindible conocer el entorno del perro y evaluar sus necesidades. As\u00ed marcaremos unos objetivos realistas [&hellip;]<\/p>\n","protected":false},"author":1,"featured_media":0,"parent":0,"menu_order":0,"comment_status":"closed","ping_status":"closed","template":"","meta":{"_et_pb_use_builder":"on","_et_pb_old_content":"<p>[et_pb_section bb_built=\"1\"][et_pb_row][\/et_pb_row][\/et_pb_section]<\/p>","footnotes":""},"class_list":["post-93","page","type-page","status-publish","hentry"],"yoast_head":"<!-- This site is optimized with the Yoast SEO plugin v24.0 - https:\/\/yoast.com\/wordpress\/plugins\/seo\/ -->\n<title>Nuestros Servicios - OBEDUKA<\/title>\n<meta name=\"robots\" content=\"index, follow, max-snippet:-1, max-image-preview:large, max-video-preview:-1\" \/>\n<link rel=\"canonical\" href=\"https:\/\/obeduka.com\/wordpress-5.7-es_ES\/wordpress\/index.php\/nuestros-servicios\/\" \/>\n<meta property=\"og:locale\" content=\"es_ES\" \/>\n<meta property=\"og:type\" content=\"article\" \/>\n<meta property=\"og:title\" content=\"Nuestros Servicios - OBEDUKA\" \/>\n<meta property=\"og:description\" content=\"[et_pb_section bb_built=\u00bb1&#8243; admin_label=\u00bbHeader\u00bb next_background_color=\u00bb#ffffff\u00bb _builder_version=\u00bb3.26.1&#8243; background_color=\u00bb#efebdc\u00bb background_size=\u00bbcontain\u00bb background_position=\u00bbbottom_center\u00bb custom_padding=\u00bb||0px|||\u00bb bottom_divider_style=\u00bbwaves\u00bb bottom_divider_height=\u00bb22vw\u00bb bottom_divider_repeat=\u00bb0.7x\u00bb][et_pb_row custom_padding=\u00bb5vw||||false|false\u00bb _builder_version=\u00bb3.26.1&#8243; background_size=\u00bbinitial\u00bb background_position=\u00bbtop_left\u00bb background_repeat=\u00bbrepeat\u00bb][et_pb_column type=\u00bb4_4&#8243;][et_pb_text _builder_version=\u00bb3.26.1&#8243; text_font=\u00bb||||||||\u00bb text_font_size=\u00bb20px\u00bb text_font_size_phone=\u00bb18px\u00bb text_font_size_last_edited=\u00bbon|phone\u00bb text_line_height=\u00bb1.8em\u00bb header_font=\u00bbAmatic SC|700|||||||\u00bb header_font_size=\u00bb130px\u00bb header_font_size_tablet=\u00bb80px\u00bb header_font_size_phone=\u00bb60px\u00bb header_font_size_last_edited=\u00bbon|phone\u00bb header_line_height=\u00bb1.2em\u00bb text_orientation=\u00bbcenter\u00bb max_width=\u00bb800px\u00bb module_alignment=\u00bbcenter\u00bb inline_fonts=\u00bbBebas\u00bb] Servicios Antes de nada, es imprescindible conocer el entorno del perro y evaluar sus necesidades. As\u00ed marcaremos unos objetivos realistas [&hellip;]\" \/>\n<meta property=\"og:url\" content=\"https:\/\/obeduka.com\/wordpress-5.7-es_ES\/wordpress\/index.php\/nuestros-servicios\/\" \/>\n<meta property=\"og:site_name\" content=\"OBEDUKA\" \/>\n<meta property=\"article:modified_time\" content=\"2025-02-18T20:29:33+00:00\" \/>\n<meta name=\"twitter:card\" content=\"summary_large_image\" \/>\n<meta name=\"twitter:label1\" content=\"Tiempo de lectura\" \/>\n\t<meta name=\"twitter:data1\" content=\"3 minutos\" \/>\n<script type=\"application\/ld+json\" class=\"yoast-schema-graph\">{\"@context\":\"https:\/\/schema.org\",\"@graph\":[{\"@type\":\"WebPage\",\"@id\":\"https:\/\/obeduka.com\/wordpress-5.7-es_ES\/wordpress\/index.php\/nuestros-servicios\/\",\"url\":\"https:\/\/obeduka.com\/wordpress-5.7-es_ES\/wordpress\/index.php\/nuestros-servicios\/\",\"name\":\"Nuestros Servicios - OBEDUKA\",\"isPartOf\":{\"@id\":\"https:\/\/obeduka.com\/wordpress-5.7-es_ES\/wordpress\/#website\"},\"datePublished\":\"2021-12-01T09:15:29+00:00\",\"dateModified\":\"2025-02-18T20:29:33+00:00\",\"breadcrumb\":{\"@id\":\"https:\/\/obeduka.com\/wordpress-5.7-es_ES\/wordpress\/index.php\/nuestros-servicios\/#breadcrumb\"},\"inLanguage\":\"es\",\"potentialAction\":[{\"@type\":\"ReadAction\",\"target\":[\"https:\/\/obeduka.com\/wordpress-5.7-es_ES\/wordpress\/index.php\/nuestros-servicios\/\"]}]},{\"@type\":\"BreadcrumbList\",\"@id\":\"https:\/\/obeduka.com\/wordpress-5.7-es_ES\/wordpress\/index.php\/nuestros-servicios\/#breadcrumb\",\"itemListElement\":[{\"@type\":\"ListItem\",\"position\":1,\"name\":\"Portada\",\"item\":\"https:\/\/obeduka.com\/wordpress-5.7-es_ES\/wordpress\/\"},{\"@type\":\"ListItem\",\"position\":2,\"name\":\"Nuestros Servicios\"}]},{\"@type\":\"WebSite\",\"@id\":\"https:\/\/obeduka.com\/wordpress-5.7-es_ES\/wordpress\/#website\",\"url\":\"https:\/\/obeduka.com\/wordpress-5.7-es_ES\/wordpress\/\",\"name\":\"OBEDUKA\",\"description\":\"Obediencia y educaci\u00f3n canina\",\"potentialAction\":[{\"@type\":\"SearchAction\",\"target\":{\"@type\":\"EntryPoint\",\"urlTemplate\":\"https:\/\/obeduka.com\/wordpress-5.7-es_ES\/wordpress\/?s={search_term_string}\"},\"query-input\":{\"@type\":\"PropertyValueSpecification\",\"valueRequired\":true,\"valueName\":\"search_term_string\"}}],\"inLanguage\":\"es\"}]}<\/script>\n<!-- \/ Yoast SEO plugin. -->","yoast_head_json":{"title":"Nuestros Servicios - OBEDUKA","robots":{"index":"index","follow":"follow","max-snippet":"max-snippet:-1","max-image-preview":"max-image-preview:large","max-video-preview":"max-video-preview:-1"},"canonical":"https:\/\/obeduka.com\/wordpress-5.7-es_ES\/wordpress\/index.php\/nuestros-servicios\/","og_locale":"es_ES","og_type":"article","og_title":"Nuestros Servicios - OBEDUKA","og_description":"[et_pb_section bb_built=\u00bb1&#8243; admin_label=\u00bbHeader\u00bb next_background_color=\u00bb#ffffff\u00bb _builder_version=\u00bb3.26.1&#8243; background_color=\u00bb#efebdc\u00bb background_size=\u00bbcontain\u00bb background_position=\u00bbbottom_center\u00bb custom_padding=\u00bb||0px|||\u00bb bottom_divider_style=\u00bbwaves\u00bb bottom_divider_height=\u00bb22vw\u00bb bottom_divider_repeat=\u00bb0.7x\u00bb][et_pb_row custom_padding=\u00bb5vw||||false|false\u00bb _builder_version=\u00bb3.26.1&#8243; background_size=\u00bbinitial\u00bb background_position=\u00bbtop_left\u00bb background_repeat=\u00bbrepeat\u00bb][et_pb_column type=\u00bb4_4&#8243;][et_pb_text _builder_version=\u00bb3.26.1&#8243; text_font=\u00bb||||||||\u00bb text_font_size=\u00bb20px\u00bb text_font_size_phone=\u00bb18px\u00bb text_font_size_last_edited=\u00bbon|phone\u00bb text_line_height=\u00bb1.8em\u00bb header_font=\u00bbAmatic SC|700|||||||\u00bb header_font_size=\u00bb130px\u00bb header_font_size_tablet=\u00bb80px\u00bb header_font_size_phone=\u00bb60px\u00bb header_font_size_last_edited=\u00bbon|phone\u00bb header_line_height=\u00bb1.2em\u00bb text_orientation=\u00bbcenter\u00bb max_width=\u00bb800px\u00bb module_alignment=\u00bbcenter\u00bb inline_fonts=\u00bbBebas\u00bb] Servicios Antes de nada, es imprescindible conocer el entorno del perro y evaluar sus necesidades. As\u00ed marcaremos unos objetivos realistas [&hellip;]","og_url":"https:\/\/obeduka.com\/wordpress-5.7-es_ES\/wordpress\/index.php\/nuestros-servicios\/","og_site_name":"OBEDUKA","article_modified_time":"2025-02-18T20:29:33+00:00","twitter_card":"summary_large_image","twitter_misc":{"Tiempo de lectura":"3 minutos"},"schema":{"@context":"https:\/\/schema.org","@graph":[{"@type":"WebPage","@id":"https:\/\/obeduka.com\/wordpress-5.7-es_ES\/wordpress\/index.php\/nuestros-servicios\/","url":"https:\/\/obeduka.com\/wordpress-5.7-es_ES\/wordpress\/index.php\/nuestros-servicios\/","name":"Nuestros Servicios - OBEDUKA","isPartOf":{"@id":"https:\/\/obeduka.com\/wordpress-5.7-es_ES\/wordpress\/#website"},"datePublished":"2021-12-01T09:15:29+00:00","dateModified":"2025-02-18T20:29:33+00:00","breadcrumb":{"@id":"https:\/\/obeduka.com\/wordpress-5.7-es_ES\/wordpress\/index.php\/nuestros-servicios\/#breadcrumb"},"inLanguage":"es","potentialAction":[{"@type":"ReadAction","target":["https:\/\/obeduka.com\/wordpress-5.7-es_ES\/wordpress\/index.php\/nuestros-servicios\/"]}]},{"@type":"BreadcrumbList","@id":"https:\/\/obeduka.com\/wordpress-5.7-es_ES\/wordpress\/index.php\/nuestros-servicios\/#breadcrumb","itemListElement":[{"@type":"ListItem","position":1,"name":"Portada","item":"https:\/\/obeduka.com\/wordpress-5.7-es_ES\/wordpress\/"},{"@type":"ListItem","position":2,"name":"Nuestros Servicios"}]},{"@type":"WebSite","@id":"https:\/\/obeduka.com\/wordpress-5.7-es_ES\/wordpress\/#website","url":"https:\/\/obeduka.com\/wordpress-5.7-es_ES\/wordpress\/","name":"OBEDUKA","description":"Obediencia y educaci\u00f3n canina","potentialAction":[{"@type":"SearchAction","target":{"@type":"EntryPoint","urlTemplate":"https:\/\/obeduka.com\/wordpress-5.7-es_ES\/wordpress\/?s={search_term_string}"},"query-input":{"@type":"PropertyValueSpecification","valueRequired":true,"valueName":"search_term_string"}}],"inLanguage":"es"}]}},"_links":{"self":[{"href":"https:\/\/obeduka.com\/wordpress-5.7-es_ES\/wordpress\/index.php\/wp-json\/wp\/v2\/pages\/93","targetHints":{"allow":["GET"]}}],"collection":[{"href":"https:\/\/obeduka.com\/wordpress-5.7-es_ES\/wordpress\/index.php\/wp-json\/wp\/v2\/pages"}],"about":[{"href":"https:\/\/obeduka.com\/wordpress-5.7-es_ES\/wordpress\/index.php\/wp-json\/wp\/v2\/types\/page"}],"author":[{"embeddable":true,"href":"https:\/\/obeduka.com\/wordpress-5.7-es_ES\/wordpress\/index.php\/wp-json\/wp\/v2\/users\/1"}],"replies":[{"embeddable":true,"href":"https:\/\/obeduka.com\/wordpress-5.7-es_ES\/wordpress\/index.php\/wp-json\/wp\/v2\/comments?post=93"}],"version-history":[{"count":23,"href":"https:\/\/obeduka.com\/wordpress-5.7-es_ES\/wordpress\/index.php\/wp-json\/wp\/v2\/pages\/93\/revisions"}],"predecessor-version":[{"id":303,"href":"https:\/\/obeduka.com\/wordpress-5.7-es_ES\/wordpress\/index.php\/wp-json\/wp\/v2\/pages\/93\/revisions\/303"}],"wp:attachment":[{"href":"https:\/\/obeduka.com\/wordpress-5.7-es_ES\/wordpress\/index.php\/wp-json\/wp\/v2\/media?parent=93"}],"curies":[{"name":"wp","href":"https:\/\/api.w.org\/{rel}","templated":true}]}}